{"id":106,"date":"2014-03-23T11:36:14","date_gmt":"2014-03-23T11:36:14","guid":{"rendered":"http:\/\/danita.profil.dk\/eksempel-side-2\/?lang=en"},"modified":"2026-03-16T11:34:42","modified_gmt":"2026-03-16T11:34:42","slug":"eksempel-side-2","status":"publish","type":"page","link":"https:\/\/danita.info\/en\/","title":{"rendered":"Forside"},"content":{"rendered":"<div id='layer_slider_1'  class='avia-layerslider main_color avia-shadow  avia-builder-el-0  el_before_av_one_third  avia-builder-el-first  container_wrap fullsize'  style='height: 801px;'  ><\/div><div id='after_layer_slider_1'  class='main_color av_default_container_wrap container_wrap fullsize'  ><div class='container av-section-cont-open' ><div class='template-page content  av-content-full alpha units'><div class='post-entry post-entry-type-page post-entry-106'><div class='entry-content-wrapper clearfix'>\n\n<style type=\"text\/css\" data-created_by=\"avia_inline_auto\" id=\"style-css-av-1r0bsy-1e12f7928053e353a64b61e6f10291d5\">\n.flex_column.av-1r0bsy-1e12f7928053e353a64b61e6f10291d5{\nborder-radius:0px 0px 0px 0px;\npadding:0px 0px 0px 0px;\n}\n<\/style>\n<div  class='flex_column av-1r0bsy-1e12f7928053e353a64b61e6f10291d5 av_one_third  avia-builder-el-1  el_after_av_layerslider  el_before_av_one_third  avia-builder-el-first  first flex_column_div av-zero-column-padding  '     ><p>\n<style type=\"text\/css\" data-created_by=\"avia_inline_auto\" id=\"style-css-av-1j1mte-6750e05f1a02f8fbcfd086e30dd6cd7c\">\n.avia-image-container.av-1j1mte-6750e05f1a02f8fbcfd086e30dd6cd7c img.avia_image{\nbox-shadow:none;\n}\n.avia-image-container.av-1j1mte-6750e05f1a02f8fbcfd086e30dd6cd7c .av-image-caption-overlay-center{\ncolor:#ffffff;\n}\n<\/style>\n<div  class='avia-image-container av-1j1mte-6750e05f1a02f8fbcfd086e30dd6cd7c av-styling- avia-align-center  avia-builder-el-2  el_before_av_textblock  avia-builder-el-first '   itemprop=\"image\" itemscope=\"itemscope\" itemtype=\"https:\/\/schema.org\/ImageObject\" ><div class=\"avia-image-container-inner\"><div class=\"avia-image-overlay-wrap\"><img decoding=\"async\" class='wp-image-178 avia-img-lazy-loading-not-178 avia_image ' src=\"https:\/\/danita.info\/wp-content\/uploads\/2014\/03\/produkter.png\" alt='' title='produkter'  height=\"106\" width=\"310\"  itemprop=\"thumbnailUrl\" srcset=\"https:\/\/danita.info\/wp-content\/uploads\/2014\/03\/produkter.png 310w, https:\/\/danita.info\/wp-content\/uploads\/2014\/03\/produkter-300x103.png 300w\" sizes=\"(max-width: 310px) 100vw, 310px\" \/><\/div><\/div><\/div><br \/>\n<section  class='av_textblock_section av-1g8bfu-141671aa70fc8f7638762a0a8ecb2990 '   itemscope=\"itemscope\" itemtype=\"https:\/\/schema.org\/CreativeWork\" ><div class='avia_textblock'  itemprop=\"text\" ><h2>Our Product range<\/h2>\n<p>Danita develops, produces and sells commercial concepts of textile products for children, women and men within the following areas:<\/p>\n<ul>\n<li>Socks in wool, cotton and mixed fibers<\/li>\n<li>Tights in polyamide and in microfiber<\/li>\n<li>Tights in natural blends: wool, cotton and mixed fibers<\/li>\n<li>Baby socks(both in organic cotton and acc. to Eco Tex Standards certification)<\/li>\n<li>Leggings \u2013 seamless leggings and cut and sewn leggings<\/li>\n<li>Underwear with wool and cotton(incl. organic cotton)<\/li>\n<li>T-shirts in cotton<\/li>\n<li>Various fashion accessories<\/li>\n<\/ul>\n<p>Products are delivered in custom-made packaging, designed by our designers and longtime producers of packaging material.<\/p>\n<\/div><\/section><\/p><\/div>\n\n<style type=\"text\/css\" data-created_by=\"avia_inline_auto\" id=\"style-css-av-17yppe-cb0f8c97af24453418aaf40a98bffd1b\">\n.flex_column.av-17yppe-cb0f8c97af24453418aaf40a98bffd1b{\nborder-radius:0px 0px 0px 0px;\npadding:0px 0px 0px 0px;\n}\n<\/style>\n<div  class='flex_column av-17yppe-cb0f8c97af24453418aaf40a98bffd1b av_one_third  avia-builder-el-4  el_after_av_one_third  el_before_av_one_third  flex_column_div av-zero-column-padding  '     ><p>\n<style type=\"text\/css\" data-created_by=\"avia_inline_auto\" id=\"style-css-av-1473re-a6b1ec6eb6b1309cf952705bd894a5ce\">\n.avia-image-container.av-1473re-a6b1ec6eb6b1309cf952705bd894a5ce img.avia_image{\nbox-shadow:none;\n}\n.avia-image-container.av-1473re-a6b1ec6eb6b1309cf952705bd894a5ce .av-image-caption-overlay-center{\ncolor:#ffffff;\n}\n<\/style>\n<div  class='avia-image-container av-1473re-a6b1ec6eb6b1309cf952705bd894a5ce av-styling- avia-align-center  avia-builder-el-5  el_before_av_textblock  avia-builder-el-first '   itemprop=\"image\" itemscope=\"itemscope\" itemtype=\"https:\/\/schema.org\/ImageObject\" ><div class=\"avia-image-container-inner\"><div class=\"avia-image-overlay-wrap\"><img decoding=\"async\" class='wp-image-179 avia-img-lazy-loading-not-179 avia_image ' src=\"https:\/\/danita.info\/wp-content\/uploads\/2014\/03\/samarbejdspartnere.png\" alt='' title='samarbejdspartnere'  height=\"106\" width=\"310\"  itemprop=\"thumbnailUrl\" srcset=\"https:\/\/danita.info\/wp-content\/uploads\/2014\/03\/samarbejdspartnere.png 310w, https:\/\/danita.info\/wp-content\/uploads\/2014\/03\/samarbejdspartnere-300x103.png 300w\" sizes=\"(max-width: 310px) 100vw, 310px\" \/><\/div><\/div><\/div><br \/>\n<section  class='av_textblock_section av-wzwqq-fd70f271a93e29466fb77e9b9881317d '   itemscope=\"itemscope\" itemtype=\"https:\/\/schema.org\/CreativeWork\" ><div class='avia_textblock'  itemprop=\"text\" ><h2>Our partners<\/h2>\n<p>We are specialized on selling our range to significant large retailers and chains within non-food and fashion in all Scandinavia. We serve our customers from our sales office in Brabrand close to Aarhus.<\/p>\n<p>We offer our partners a high percentage of delivery on time solutions, which are being supported by our close cooperation with our longtime partners in Italy, Turkey and in the Far East, all of whom possess great expertise about the technical part of our product range.<\/p>\n<p>We believe in a close cooperation and communication with our partners and communicate in fluent Italian, English and German.<\/p>\n<\/div><\/section><\/p><\/div>\n\n<style type=\"text\/css\" data-created_by=\"avia_inline_auto\" id=\"style-css-av-sr0vu-1893f595adfa4212ad64f6562f936966\">\n.flex_column.av-sr0vu-1893f595adfa4212ad64f6562f936966{\nborder-radius:0px 0px 0px 0px;\npadding:0px 0px 0px 0px;\n}\n<\/style>\n<div  class='flex_column av-sr0vu-1893f595adfa4212ad64f6562f936966 av_one_third  avia-builder-el-7  el_after_av_one_third  el_before_av_one_full  flex_column_div av-zero-column-padding  '     ><p>\n<style type=\"text\/css\" data-created_by=\"avia_inline_auto\" id=\"style-css-av-lhxyq-5de62090fe2a90e5c6bac9525a0dfa9d\">\n.avia-image-container.av-lhxyq-5de62090fe2a90e5c6bac9525a0dfa9d img.avia_image{\nbox-shadow:none;\n}\n.avia-image-container.av-lhxyq-5de62090fe2a90e5c6bac9525a0dfa9d .av-image-caption-overlay-center{\ncolor:#ffffff;\n}\n<\/style>\n<div  class='avia-image-container av-lhxyq-5de62090fe2a90e5c6bac9525a0dfa9d av-styling- avia-align-center  avia-builder-el-8  el_before_av_textblock  avia-builder-el-first '   itemprop=\"image\" itemscope=\"itemscope\" itemtype=\"https:\/\/schema.org\/ImageObject\" ><div class=\"avia-image-container-inner\"><div class=\"avia-image-overlay-wrap\"><img decoding=\"async\" class='wp-image-180 avia-img-lazy-loading-not-180 avia_image ' src=\"https:\/\/danita.info\/wp-content\/uploads\/2014\/03\/virksomhedsprofil.png\" alt='' title='virksomhedsprofil'  height=\"106\" width=\"310\"  itemprop=\"thumbnailUrl\" srcset=\"https:\/\/danita.info\/wp-content\/uploads\/2014\/03\/virksomhedsprofil.png 310w, https:\/\/danita.info\/wp-content\/uploads\/2014\/03\/virksomhedsprofil-300x103.png 300w\" sizes=\"(max-width: 310px) 100vw, 310px\" \/><\/div><\/div><\/div><br \/>\n<section  class='av_textblock_section av-cxr22-25444237e1d0fbddbd38239df892c9c8 '   itemscope=\"itemscope\" itemtype=\"https:\/\/schema.org\/CreativeWork\" ><div class='avia_textblock'  itemprop=\"text\" ><h2>Who are we?<\/h2>\n<p><strong>Danita<\/strong> is a Danish\/Italian company with more than 40 years\u2019 experience in development, production and sales of socks, tights, underwear, seamless for children, women and men. Our customers are significant retailers within the non-food and fashion industry in Scandinavia.<\/p>\n<p>Our focus has ever since our start in 1979 been product development, production and supplies of quality textile goods on time.<br \/>\nFrom our domicile in Brabrand close to Aarhus, we serve our customers with a wide range of commercial, basic and fashionable socks, tights and underwear with a high turnover rate.<\/p>\n<p>Through our Italian sourcing and buying office in Milan, we secure a very close follow up and cooperation with our skilled production sites both concerning delivery on time and concerning being first movers in the market with the recent Italian trends.<br \/>\nWe are member of BSCI and work with BSCI factories!<\/p>\n<\/div><\/section><\/p><\/div>\n\n<style type=\"text\/css\" data-created_by=\"avia_inline_auto\" id=\"style-css-av-b7q16-62ae59e931054326e6bb1acc118be587\">\n.flex_column.av-b7q16-62ae59e931054326e6bb1acc118be587{\nborder-radius:0px 0px 0px 0px;\npadding:0px 0px 0px 0px;\n}\n<\/style>\n<div  class='flex_column av-b7q16-62ae59e931054326e6bb1acc118be587 av_one_full  avia-builder-el-10  el_after_av_one_third  el_before_av_one_third  first flex_column_div av-zero-column-padding  column-top-margin'     ><section  class='av_textblock_section av-kn8rwq7h-d2a341f39af1c5ba763091bc759d05b6 '   itemscope=\"itemscope\" itemtype=\"https:\/\/schema.org\/CreativeWork\" ><div class='avia_textblock'  itemprop=\"text\" ><h2 style=\"text-align: center;\">Tights, Socks &#8211; all in Leg Wear<\/h2>\n<p style=\"text-align: center;\">Made in Italy \u00b7 European and Far Eastern Production \u00b7 Wool, Cotton, Viscose, Bamboo, Various Fiber Mixes \u00b7 Quality Leg Wear for Ladies, Men, and Children.<\/p>\n<\/div><\/section><\/div>\n<div  class='flex_column av-av_one_third-e857af11b6a0d1d2fff9bb21b46f18ef av_one_third  avia-builder-el-12  el_after_av_one_full  el_before_av_one_third  first flex_column_div  column-top-margin'     ><style type=\"text\/css\" data-created_by=\"avia_inline_auto\" id=\"style-css-av-mmt3kedw-46ee87e02d2d169639f429c321054092\">\n.avia-image-container.av-mmt3kedw-46ee87e02d2d169639f429c321054092 img.avia_image{\nbox-shadow:none;\n}\n.avia-image-container.av-mmt3kedw-46ee87e02d2d169639f429c321054092 .av-image-caption-overlay-center{\ncolor:#ffffff;\n}\n<\/style>\n<div  class='avia-image-container av-mmt3kedw-46ee87e02d2d169639f429c321054092 av-styling- avia-align-center  avia-builder-el-13  avia-builder-el-no-sibling '   itemprop=\"image\" itemscope=\"itemscope\" itemtype=\"https:\/\/schema.org\/ImageObject\" ><div class=\"avia-image-container-inner\"><div class=\"avia-image-overlay-wrap\"><img decoding=\"async\" class='wp-image-225 avia-img-lazy-loading-not-225 avia_image ' src=\"https:\/\/danita.info\/wp-content\/uploads\/2021\/04\/amfori.jpg\" alt='' title='amfori'  height=\"105\" width=\"228\"  itemprop=\"thumbnailUrl\"  \/><\/div><\/div><\/div><\/div>\n<div  class='flex_column av-av_one_third-317825fc910b4c59f5c65b69d9f4ed79 av_one_third  avia-builder-el-14  el_after_av_one_third  el_before_av_one_third  flex_column_div  column-top-margin'     ><p>\n<style type=\"text\/css\" data-created_by=\"avia_inline_auto\" id=\"style-css-av-mmt3kuhg-14c83c848bdace98d358d671d4c512d9\">\n.avia-image-container.av-mmt3kuhg-14c83c848bdace98d358d671d4c512d9 img.avia_image{\nbox-shadow:none;\n}\n.avia-image-container.av-mmt3kuhg-14c83c848bdace98d358d671d4c512d9 .av-image-caption-overlay-center{\ncolor:#ffffff;\n}\n<\/style>\n<div  class='avia-image-container av-mmt3kuhg-14c83c848bdace98d358d671d4c512d9 av-styling- avia-align-left  avia-builder-el-15  el_before_av_hr  avia-builder-el-first '   itemprop=\"image\" itemscope=\"itemscope\" itemtype=\"https:\/\/schema.org\/ImageObject\" ><div class=\"avia-image-container-inner\"><div class=\"avia-image-overlay-wrap\"><img decoding=\"async\" class='wp-image-322 avia-img-lazy-loading-not-322 avia_image ' src=\"https:\/\/danita.info\/wp-content\/uploads\/2026\/03\/FSC_mark_450_ver2.jpg\" alt='' title='FSC_mark_450_ver2'  height=\"111\" width=\"228\"  itemprop=\"thumbnailUrl\"  \/><\/div><\/div><\/div><br \/>\n\n<style type=\"text\/css\" data-created_by=\"avia_inline_auto\" id=\"style-css-av-mmt3midn-1756920dd66889d1a50a7a0a9b9a4244\">\n#top .hr.hr-invisible.av-mmt3midn-1756920dd66889d1a50a7a0a9b9a4244{\nheight:18px;\n}\n<\/style>\n<div  class='hr av-mmt3midn-1756920dd66889d1a50a7a0a9b9a4244 hr-invisible  avia-builder-el-16  el_after_av_image  el_before_av_textblock '><span class='hr-inner '><span class=\"hr-inner-style\"><\/span><\/span><\/div><br \/>\n<section  class='av_textblock_section av-mmt3m1ju-ef4351767e69fd978c6295a8e5281e8e '   itemscope=\"itemscope\" itemtype=\"https:\/\/schema.org\/CreativeWork\" ><div class='avia_textblock'  itemprop=\"text\" ><p>We are certified according to the Global Recycled Standard (GRS), which ensures traceability of recycled materials as well as requirements for environmental and social conditions in production.<br \/>\nCertificeret af: Control Union<br \/>\nCertifikatnummer: CB-CUC-1480003<\/p>\n<\/div><\/section><br \/>\n<div  class='avia-button-wrap av-mmt3p226-6064a84c3718772d8847785174e87e63-wrap avia-button-left  avia-builder-el-18  el_after_av_textblock  avia-builder-el-last '><a href='https:\/\/danita.info\/wp-content\/uploads\/2026\/03\/GRS_Scope_Certificate_2026-02-17-11_55_30-UTC-1.pdf' class='avia-button av-mmt3p226-6064a84c3718772d8847785174e87e63 avia-icon_select-yes-left-icon avia-size-small avia-position-left avia-color-grey' target=\"_blank\" rel=\"noopener noreferrer\"><span class='avia_button_icon avia_button_icon_left' aria-hidden='true' data-av_icon='\ue87f' data-av_iconfont='entypo-fontello'><\/span><span class='avia_iconbox_title' >Download<\/span><\/a><\/div><\/p><\/div><div  class='flex_column av-av_one_third-317825fc910b4c59f5c65b69d9f4ed79 av_one_third  avia-builder-el-19  el_after_av_one_third  avia-builder-el-last  flex_column_div  column-top-margin'     ><p>\n<style type=\"text\/css\" data-created_by=\"avia_inline_auto\" id=\"style-css-av-mmt3la07-087e10c58a3de3a56bde080c492865d4\">\n.avia-image-container.av-mmt3la07-087e10c58a3de3a56bde080c492865d4 img.avia_image{\nbox-shadow:none;\n}\n.avia-image-container.av-mmt3la07-087e10c58a3de3a56bde080c492865d4 .av-image-caption-overlay-center{\ncolor:#ffffff;\n}\n<\/style>\n<div  class='avia-image-container av-mmt3la07-087e10c58a3de3a56bde080c492865d4 av-styling- avia-align-left  avia-builder-el-20  el_before_av_hr  avia-builder-el-first '   itemprop=\"image\" itemscope=\"itemscope\" itemtype=\"https:\/\/schema.org\/ImageObject\" ><div class=\"avia-image-container-inner\"><div class=\"avia-image-overlay-wrap\"><img decoding=\"async\" class='wp-image-320 avia-img-lazy-loading-not-320 avia_image ' src=\"https:\/\/danita.info\/wp-content\/uploads\/2026\/03\/FSC_mark_450_ver3.jpg\" alt='' title='FSC_mark_450_ver3'  height=\"111\" width=\"228\"  itemprop=\"thumbnailUrl\"  \/><\/div><\/div><\/div><br \/>\n\n<style type=\"text\/css\" data-created_by=\"avia_inline_auto\" id=\"style-css-av-av_hr-a8298e9ea1f7facca9ec575d03f58d98\">\n#top .hr.hr-invisible.av-av_hr-a8298e9ea1f7facca9ec575d03f58d98{\nheight:18px;\n}\n<\/style>\n<div  class='hr av-av_hr-a8298e9ea1f7facca9ec575d03f58d98 hr-invisible  avia-builder-el-21  el_after_av_image  el_before_av_textblock '><span class='hr-inner '><span class=\"hr-inner-style\"><\/span><\/span><\/div><br \/>\n\n<style type=\"text\/css\" data-created_by=\"avia_inline_auto\" id=\"style-css-av-mmt3nddb-84b3d696d1c04020232a8d236b3db81b\">\n#top .av_textblock_section.av-mmt3nddb-84b3d696d1c04020232a8d236b3db81b .avia_textblock{\nfont-size:10px;\n}\n<\/style>\n<section  class='av_textblock_section av-mmt3nddb-84b3d696d1c04020232a8d236b3db81b '   itemscope=\"itemscope\" itemtype=\"https:\/\/schema.org\/CreativeWork\" ><div class='avia_textblock'  itemprop=\"text\" ><p><strong>The mark of responsible forestry FSC<\/strong><br \/>\nCertificate: No: C 913840CU-COC-01.2025<\/p>\n<\/div><\/section><br \/>\n<div  class='avia-button-wrap av-mmt3ppfi-4e3d8ecb90788ad2e990c9a752aa9795-wrap avia-button-left  avia-builder-el-23  el_after_av_textblock  avia-builder-el-last '><a href='https:\/\/danita.info\/wp-content\/uploads\/2026\/03\/CU-COC-913840-Danita-tekstil-ApS-certifikat.pdf' class='avia-button av-mmt3ppfi-4e3d8ecb90788ad2e990c9a752aa9795 avia-icon_select-yes-left-icon avia-size-small avia-position-left avia-color-grey' target=\"_blank\" rel=\"noopener noreferrer\"><span class='avia_button_icon avia_button_icon_left' aria-hidden='true' data-av_icon='\ue87f' data-av_iconfont='entypo-fontello'><\/span><span class='avia_iconbox_title' >Download<\/span><\/a><\/div><\/p><\/div><\/p>\n","protected":false},"excerpt":{"rendered":"","protected":false},"author":2,"featured_media":0,"parent":0,"menu_order":0,"comment_status":"closed","ping_status":"closed","template":"","meta":{"footnotes":""},"class_list":["post-106","page","type-page","status-publish","hentry"],"yoast_head":"<!-- This site is optimized with the Yoast SEO plugin v27.3 - https:\/\/yoast.com\/product\/yoast-seo-wordpress\/ -->\n<title>Danita Tekstil - Produktudvikling, produktion og salg af tekstiler<\/title>\n<meta name=\"description\" content=\"Danita Tekstil er et dansk-italiensk firma. Produktion og salg af tilbeh\u00f8r inden for tekstilsektoren som leverand\u00f8r til modefirmaer og dagligvarek\u00e6der.\" \/>\n<meta name=\"robots\" content=\"index, follow, max-snippet:-1, max-image-preview:large, max-video-preview:-1\" \/>\n<link rel=\"canonical\" href=\"https:\/\/danita.info\/en\/\" \/>\n<meta property=\"og:locale\" content=\"en_US\" \/>\n<meta property=\"og:type\" content=\"article\" \/>\n<meta property=\"og:title\" content=\"Danita Tekstil - Produktudvikling, produktion og salg af tekstiler\" \/>\n<meta property=\"og:description\" content=\"Danita Tekstil er et dansk-italiensk firma. Produktion og salg af tilbeh\u00f8r inden for tekstilsektoren som leverand\u00f8r til modefirmaer og dagligvarek\u00e6der.\" \/>\n<meta property=\"og:url\" content=\"https:\/\/danita.info\/en\/\" \/>\n<meta property=\"og:site_name\" content=\"Danita Tekstil ApS\" \/>\n<meta property=\"article:modified_time\" content=\"2026-03-16T11:34:42+00:00\" \/>\n<meta name=\"twitter:card\" content=\"summary_large_image\" \/>\n<meta name=\"twitter:label1\" content=\"Est. reading time\" \/>\n\t<meta name=\"twitter:data1\" content=\"6 minutes\" \/>\n<script type=\"application\/ld+json\" class=\"yoast-schema-graph\">{\"@context\":\"https:\\\/\\\/schema.org\",\"@graph\":[{\"@type\":\"WebPage\",\"@id\":\"https:\\\/\\\/danita.info\\\/en\\\/\",\"url\":\"https:\\\/\\\/danita.info\\\/en\\\/\",\"name\":\"Danita Tekstil - Produktudvikling, produktion og salg af tekstiler\",\"isPartOf\":{\"@id\":\"https:\\\/\\\/danita.info\\\/#website\"},\"datePublished\":\"2014-03-23T11:36:14+00:00\",\"dateModified\":\"2026-03-16T11:34:42+00:00\",\"description\":\"Danita Tekstil er et dansk-italiensk firma. Produktion og salg af tilbeh\u00f8r inden for tekstilsektoren som leverand\u00f8r til modefirmaer og dagligvarek\u00e6der.\",\"breadcrumb\":{\"@id\":\"https:\\\/\\\/danita.info\\\/en\\\/#breadcrumb\"},\"inLanguage\":\"en-US\",\"potentialAction\":[{\"@type\":\"ReadAction\",\"target\":[\"https:\\\/\\\/danita.info\\\/en\\\/\"]}]},{\"@type\":\"BreadcrumbList\",\"@id\":\"https:\\\/\\\/danita.info\\\/en\\\/#breadcrumb\",\"itemListElement\":[{\"@type\":\"ListItem\",\"position\":1,\"name\":\"Hjem\",\"item\":\"https:\\\/\\\/danita.info\\\/en\\\/\"},{\"@type\":\"ListItem\",\"position\":2,\"name\":\"Forside\"}]},{\"@type\":\"WebSite\",\"@id\":\"https:\\\/\\\/danita.info\\\/#website\",\"url\":\"https:\\\/\\\/danita.info\\\/\",\"name\":\"Danita Tekstil ApS\",\"description\":\"Dansk-italiensk tekstil firma\",\"publisher\":{\"@id\":\"https:\\\/\\\/danita.info\\\/#organization\"},\"potentialAction\":[{\"@type\":\"SearchAction\",\"target\":{\"@type\":\"EntryPoint\",\"urlTemplate\":\"https:\\\/\\\/danita.info\\\/?s={search_term_string}\"},\"query-input\":{\"@type\":\"PropertyValueSpecification\",\"valueRequired\":true,\"valueName\":\"search_term_string\"}}],\"inLanguage\":\"en-US\"},{\"@type\":\"Organization\",\"@id\":\"https:\\\/\\\/danita.info\\\/#organization\",\"name\":\"Danita Tekstil ApS\",\"url\":\"https:\\\/\\\/danita.info\\\/\",\"logo\":{\"@type\":\"ImageObject\",\"inLanguage\":\"en-US\",\"@id\":\"https:\\\/\\\/danita.info\\\/#\\\/schema\\\/logo\\\/image\\\/\",\"url\":\"https:\\\/\\\/danita.info\\\/wp-content\\\/uploads\\\/2015\\\/11\\\/DANITA_logo_website2.png\",\"contentUrl\":\"https:\\\/\\\/danita.info\\\/wp-content\\\/uploads\\\/2015\\\/11\\\/DANITA_logo_website2.png\",\"width\":203,\"height\":50,\"caption\":\"Danita Tekstil ApS\"},\"image\":{\"@id\":\"https:\\\/\\\/danita.info\\\/#\\\/schema\\\/logo\\\/image\\\/\"}}]}<\/script>\n<!-- \/ Yoast SEO plugin. -->","yoast_head_json":{"title":"Danita Tekstil - Produktudvikling, produktion og salg af tekstiler","description":"Danita Tekstil er et dansk-italiensk firma. Produktion og salg af tilbeh\u00f8r inden for tekstilsektoren som leverand\u00f8r til modefirmaer og dagligvarek\u00e6der.","robots":{"index":"index","follow":"follow","max-snippet":"max-snippet:-1","max-image-preview":"max-image-preview:large","max-video-preview":"max-video-preview:-1"},"canonical":"https:\/\/danita.info\/en\/","og_locale":"en_US","og_type":"article","og_title":"Danita Tekstil - Produktudvikling, produktion og salg af tekstiler","og_description":"Danita Tekstil er et dansk-italiensk firma. Produktion og salg af tilbeh\u00f8r inden for tekstilsektoren som leverand\u00f8r til modefirmaer og dagligvarek\u00e6der.","og_url":"https:\/\/danita.info\/en\/","og_site_name":"Danita Tekstil ApS","article_modified_time":"2026-03-16T11:34:42+00:00","twitter_card":"summary_large_image","twitter_misc":{"Est. reading time":"6 minutes"},"schema":{"@context":"https:\/\/schema.org","@graph":[{"@type":"WebPage","@id":"https:\/\/danita.info\/en\/","url":"https:\/\/danita.info\/en\/","name":"Danita Tekstil - Produktudvikling, produktion og salg af tekstiler","isPartOf":{"@id":"https:\/\/danita.info\/#website"},"datePublished":"2014-03-23T11:36:14+00:00","dateModified":"2026-03-16T11:34:42+00:00","description":"Danita Tekstil er et dansk-italiensk firma. Produktion og salg af tilbeh\u00f8r inden for tekstilsektoren som leverand\u00f8r til modefirmaer og dagligvarek\u00e6der.","breadcrumb":{"@id":"https:\/\/danita.info\/en\/#breadcrumb"},"inLanguage":"en-US","potentialAction":[{"@type":"ReadAction","target":["https:\/\/danita.info\/en\/"]}]},{"@type":"BreadcrumbList","@id":"https:\/\/danita.info\/en\/#breadcrumb","itemListElement":[{"@type":"ListItem","position":1,"name":"Hjem","item":"https:\/\/danita.info\/en\/"},{"@type":"ListItem","position":2,"name":"Forside"}]},{"@type":"WebSite","@id":"https:\/\/danita.info\/#website","url":"https:\/\/danita.info\/","name":"Danita Tekstil ApS","description":"Dansk-italiensk tekstil firma","publisher":{"@id":"https:\/\/danita.info\/#organization"},"potentialAction":[{"@type":"SearchAction","target":{"@type":"EntryPoint","urlTemplate":"https:\/\/danita.info\/?s={search_term_string}"},"query-input":{"@type":"PropertyValueSpecification","valueRequired":true,"valueName":"search_term_string"}}],"inLanguage":"en-US"},{"@type":"Organization","@id":"https:\/\/danita.info\/#organization","name":"Danita Tekstil ApS","url":"https:\/\/danita.info\/","logo":{"@type":"ImageObject","inLanguage":"en-US","@id":"https:\/\/danita.info\/#\/schema\/logo\/image\/","url":"https:\/\/danita.info\/wp-content\/uploads\/2015\/11\/DANITA_logo_website2.png","contentUrl":"https:\/\/danita.info\/wp-content\/uploads\/2015\/11\/DANITA_logo_website2.png","width":203,"height":50,"caption":"Danita Tekstil ApS"},"image":{"@id":"https:\/\/danita.info\/#\/schema\/logo\/image\/"}}]}},"_links":{"self":[{"href":"https:\/\/danita.info\/en\/wp-json\/wp\/v2\/pages\/106","targetHints":{"allow":["GET"]}}],"collection":[{"href":"https:\/\/danita.info\/en\/wp-json\/wp\/v2\/pages"}],"about":[{"href":"https:\/\/danita.info\/en\/wp-json\/wp\/v2\/types\/page"}],"author":[{"embeddable":true,"href":"https:\/\/danita.info\/en\/wp-json\/wp\/v2\/users\/2"}],"replies":[{"embeddable":true,"href":"https:\/\/danita.info\/en\/wp-json\/wp\/v2\/comments?post=106"}],"version-history":[{"count":6,"href":"https:\/\/danita.info\/en\/wp-json\/wp\/v2\/pages\/106\/revisions"}],"predecessor-version":[{"id":349,"href":"https:\/\/danita.info\/en\/wp-json\/wp\/v2\/pages\/106\/revisions\/349"}],"wp:attachment":[{"href":"https:\/\/danita.info\/en\/wp-json\/wp\/v2\/media?parent=106"}],"curies":[{"name":"wp","href":"https:\/\/api.w.org\/{rel}","templated":true}]}}